{"id":2271,"date":"2023-09-26T09:04:47","date_gmt":"2023-09-26T09:04:47","guid":{"rendered":"https:\/\/skinpit.com\/kontakt"},"modified":"2023-12-08T12:53:11","modified_gmt":"2023-12-08T12:53:11","slug":"kontakt","status":"publish","type":"page","link":"https:\/\/skinpit.com\/de\/kontakt","title":{"rendered":"Kontakt"},"content":{"rendered":"\t\t<div data-elementor-type=\"wp-page\" data-elementor-id=\"2271\" class=\"elementor elementor-2271 elementor-1709\">\n\t\t\t\t<div class=\"elementor-element elementor-element-a3e28ad e-flex e-con-boxed e-con e-parent\" data-id=\"a3e28ad\" data-element_type=\"container\" data-e-type=\"container\" data-settings=\"{&quot;background_background&quot;:&quot;classic&quot;}\">\n\t\t\t\t\t<div class=\"e-con-inner\">\n\t\t<div class=\"elementor-element elementor-element-7541d10 e-con-full e-flex e-con e-child\" data-id=\"7541d10\" data-element_type=\"container\" data-e-type=\"container\" data-settings=\"{&quot;background_background&quot;:&quot;classic&quot;}\">\n\t\t\t\t<div class=\"elementor-element elementor-element-1bd4b19 elementor-widget elementor-widget-heading\" data-id=\"1bd4b19\" data-element_type=\"widget\" data-e-type=\"widget\" data-widget_type=\"heading.default\">\n\t\t\t\t<div class=\"elementor-widget-container\">\n\t\t\t\t\t<h1 class=\"elementor-heading-title elementor-size-default\">Kontakt<\/h1>\t\t\t\t<\/div>\n\t\t\t\t<\/div>\n\t\t\t\t<\/div>\n\t\t\t\t\t<\/div>\n\t\t\t\t<\/div>\n\t\t<div class=\"elementor-element elementor-element-262690c e-flex e-con-boxed e-con e-parent\" data-id=\"262690c\" data-element_type=\"container\" data-e-type=\"container\">\n\t\t\t\t\t<div class=\"e-con-inner\">\n\t\t<div class=\"elementor-element elementor-element-971050f e-con-full e-flex e-con e-child\" data-id=\"971050f\" data-element_type=\"container\" data-e-type=\"container\">\n\t\t\t\t<div class=\"elementor-element elementor-element-806e09b elementor-widget elementor-widget-text-editor\" data-id=\"806e09b\" data-element_type=\"widget\" data-e-type=\"widget\" data-widget_type=\"text-editor.default\">\n\t\t\t\t<div class=\"elementor-widget-container\">\n\t\t\t\t\t\t\t\t\t<h2>Wir sind hier, um zu helfen!<\/h2>\n<p>Wenn Sie Fragen zur Werbung haben, uns Feedback geben m\u00f6chten, allgemeine Informationen ben\u00f6tigen oder sogar Autor auf unserer Website werden wollen, z\u00f6gern Sie bitte nicht, uns \u00fcber das Kontaktformular zu kontaktieren. Wir sind hier, um mit Ihnen in Kontakt zu treten und Sie auf jede erdenkliche Weise zu unterst\u00fctzen!<\/p>\n<p>Teilen Sie unserem Bewertungsteam Ihre Empfehlungen f\u00fcr neue und bestehende Dienste mit, und es wird Ihre Vorschl\u00e4ge in k\u00fcrzester Zeit bewerten!<\/p>\n<p>Wenden Sie sich per E-Mail direkt an unsere Autoren oder das Management-Team &#8211; sie sind immer f\u00fcr Sie da!<\/p>\n<p>E-Mail: <a href=\"mailto:rick@skinpit.com\">rick@skinpit.com<\/a><\/p>\n\t\t\t\t\t\t\t\t<\/div>\n\t\t\t\t<\/div>\n\t\t\t\t<\/div>\n\t\t<div class=\"elementor-element elementor-element-e7b784a e-con-full e-flex e-con e-child\" data-id=\"e7b784a\" data-element_type=\"container\" data-e-type=\"container\">\n\t\t\t\t<div class=\"elementor-element elementor-element-bcf6532 elementor-widget elementor-widget-shortcode\" data-id=\"bcf6532\" data-element_type=\"widget\" data-e-type=\"widget\" data-widget_type=\"shortcode.default\">\n\t\t\t\t<div class=\"elementor-widget-container\">\n\t\t\t\t\t\t\t<div class=\"elementor-shortcode\"><div class=\"wpforms-container wpforms-render-modern\" id=\"wpforms-1704\"><form id=\"wpforms-form-1704\" class=\"wpforms-validate wpforms-form wpforms-ajax-form\" data-formid=\"1704\" method=\"post\" enctype=\"multipart\/form-data\" action=\"\/de\/wp-json\/wp\/v2\/pages\/2271\" data-token=\"27c356452a72f953c9402137000d327f\" data-token-time=\"1776793778\"><noscript class=\"wpforms-error-noscript\">Bitte aktiviere JavaScript in deinem Browser, um dieses Formular fertigzustellen.<\/noscript><div id=\"wpforms-error-noscript\" style=\"display: none;\">Bitte aktiviere JavaScript in deinem Browser, um dieses Formular fertigzustellen.<\/div><div class=\"wpforms-field-container\"><div id=\"wpforms-1704-field_0-container\" class=\"wpforms-field wpforms-field-name\" data-field-id=\"0\"><label class=\"wpforms-field-label\" for=\"wpforms-1704-field_0\">Name <span class=\"wpforms-required-label\" aria-hidden=\"true\">*<\/span><\/label><input type=\"text\" id=\"wpforms-1704-field_0\" class=\"wpforms-field-medium wpforms-field-required\" name=\"wpforms[fields][0]\" aria-errormessage=\"wpforms-1704-field_0-error\" required><\/div><div id=\"wpforms-1704-field_1-container\" class=\"wpforms-field wpforms-field-email\" data-field-id=\"1\"><label class=\"wpforms-field-label\" for=\"wpforms-1704-field_1\">E-Mail <span class=\"wpforms-required-label\" aria-hidden=\"true\">*<\/span><\/label><input type=\"email\" id=\"wpforms-1704-field_1\" class=\"wpforms-field-medium wpforms-field-required\" name=\"wpforms[fields][1]\" spellcheck=\"false\" aria-errormessage=\"wpforms-1704-field_1-error\" required><\/div><div id=\"wpforms-1704-field_2-container\" class=\"wpforms-field wpforms-field-textarea\" data-field-id=\"2\"><label class=\"wpforms-field-label\" for=\"wpforms-1704-field_2\">Nachricht <span class=\"wpforms-required-label\" aria-hidden=\"true\">*<\/span><\/label><textarea id=\"wpforms-1704-field_2\" class=\"wpforms-field-medium wpforms-field-required\" name=\"wpforms[fields][2]\" aria-errormessage=\"wpforms-1704-field_2-error\" required><\/textarea><\/div><\/div><!-- .wpforms-field-container --><div class=\"wpforms-submit-container\" ><input type=\"hidden\" name=\"wpforms[id]\" value=\"1704\"><input type=\"hidden\" name=\"page_title\" value=\"\"><input type=\"hidden\" name=\"page_url\" value=\"https:\/\/skinpit.com\/de\/wp-json\/wp\/v2\/pages\/2271\"><input type=\"hidden\" name=\"url_referer\" value=\"\"><button type=\"submit\" name=\"wpforms[submit]\" id=\"wpforms-submit-1704\" class=\"wpforms-submit\" data-alt-text=\"Senden...\" data-submit-text=\"Senden\" aria-live=\"assertive\" value=\"wpforms-submit\">Senden<\/button><img decoding=\"async\" src=\"https:\/\/skinpit.com\/wp-content\/plugins\/wpforms-lite\/assets\/images\/submit-spin.svg\" class=\"wpforms-submit-spinner\" style=\"display: none;\" width=\"26\" height=\"26\" alt=\"Wird geladen\"><\/div><\/form><\/div>  <!-- .wpforms-container --><\/div>\n\t\t\t\t\t\t<\/div>\n\t\t\t\t<\/div>\n\t\t\t\t<\/div>\n\t\t\t\t\t<\/div>\n\t\t\t\t<\/div>\n\t\t<div class=\"elementor-element elementor-element-9876373 e-flex e-con-boxed e-con e-parent\" data-id=\"9876373\" data-element_type=\"container\" data-e-type=\"container\">\n\t\t\t\t\t<div class=\"e-con-inner\">\n\t\t\t\t\t<\/div>\n\t\t\t\t<\/div>\n\t\t\t\t<\/div>\n\t\t","protected":false},"excerpt":{"rendered":"<p>Kontakt Wir sind hier, um zu helfen! Wenn Sie Fragen zur Werbung haben, uns Feedback geben m\u00f6chten, allgemeine Informationen ben\u00f6tigen oder sogar Autor auf unserer Website werden wollen, z\u00f6gern Sie bitte nicht, uns \u00fcber das Kontaktformular zu kontaktieren. Wir sind hier, um mit Ihnen in Kontakt zu treten und Sie auf jede erdenkliche Weise zu [&hellip;]<\/p>\n","protected":false},"author":1,"featured_media":0,"parent":0,"menu_order":0,"comment_status":"closed","ping_status":"closed","template":"","meta":{"footnotes":""},"class_list":["post-2271","page","type-page","status-publish","hentry"],"blocksy_meta":{"disable_header":"no","has_hero_section":"disabled","vertical_spacing_source":"custom","content_area_spacing":"none"},"_links":{"self":[{"href":"https:\/\/skinpit.com\/de\/wp-json\/wp\/v2\/pages\/2271","targetHints":{"allow":["GET"]}}],"collection":[{"href":"https:\/\/skinpit.com\/de\/wp-json\/wp\/v2\/pages"}],"about":[{"href":"https:\/\/skinpit.com\/de\/wp-json\/wp\/v2\/types\/page"}],"author":[{"embeddable":true,"href":"https:\/\/skinpit.com\/de\/wp-json\/wp\/v2\/users\/1"}],"replies":[{"embeddable":true,"href":"https:\/\/skinpit.com\/de\/wp-json\/wp\/v2\/comments?post=2271"}],"version-history":[{"count":0,"href":"https:\/\/skinpit.com\/de\/wp-json\/wp\/v2\/pages\/2271\/revisions"}],"wp:attachment":[{"href":"https:\/\/skinpit.com\/de\/wp-json\/wp\/v2\/media?parent=2271"}],"curies":[{"name":"wp","href":"https:\/\/api.w.org\/{rel}","templated":true}]}}