{"id":2234,"date":"2023-08-31T14:45:11","date_gmt":"2023-08-31T14:45:11","guid":{"rendered":"https:\/\/skinpit.com\/blog"},"modified":"2023-12-08T12:52:58","modified_gmt":"2023-12-08T12:52:58","slug":"blog","status":"publish","type":"page","link":"https:\/\/skinpit.com\/de\/blog","title":{"rendered":"Blog"},"content":{"rendered":"\t\t<div data-elementor-type=\"wp-page\" data-elementor-id=\"2234\" class=\"elementor elementor-2234 elementor-1454\">\n\t\t\t\t<div class=\"elementor-element elementor-element-308c30e e-flex e-con-boxed e-con e-parent\" data-id=\"308c30e\" data-element_type=\"container\" data-e-type=\"container\" data-settings=\"{&quot;background_background&quot;:&quot;classic&quot;}\">\n\t\t\t\t\t<div class=\"e-con-inner\">\n\t\t<div class=\"elementor-element elementor-element-b6f3af1 e-con-full e-flex e-con e-child\" data-id=\"b6f3af1\" data-element_type=\"container\" data-e-type=\"container\" data-settings=\"{&quot;background_background&quot;:&quot;classic&quot;}\">\n\t\t\t\t<div class=\"elementor-element elementor-element-4042d58 elementor-widget elementor-widget-heading\" data-id=\"4042d58\" data-element_type=\"widget\" data-e-type=\"widget\" data-widget_type=\"heading.default\">\n\t\t\t\t<div class=\"elementor-widget-container\">\n\t\t\t\t\t<h1 class=\"elementor-heading-title elementor-size-default\">Neueste Beitr\u00e4ge<\/h1>\t\t\t\t<\/div>\n\t\t\t\t<\/div>\n\t\t\t\t<\/div>\n\t\t\t\t\t<\/div>\n\t\t\t\t<\/div>\n\t\t<div class=\"elementor-element elementor-element-9f2e1d7 e-flex e-con-boxed e-con e-parent\" data-id=\"9f2e1d7\" data-element_type=\"container\" data-e-type=\"container\">\n\t\t\t\t\t<div class=\"e-con-inner\">\n\t\t\t\t<div class=\"elementor-element elementor-element-fb4582b elementor-widget elementor-widget-ucaddon_post_blocks\" data-id=\"fb4582b\" data-element_type=\"widget\" data-e-type=\"widget\" data-widget_type=\"ucaddon_post_blocks.default\">\n\t\t\t\t<div class=\"elementor-widget-container\">\n\t\t\t\t\t\n<!-- start Post Blocks -->\n\t\t<link id='font-awesome-css' href='https:\/\/skinpit.com\/wp-content\/plugins\/unlimited-elements-for-elementor\/assets_libraries\/font-awesome6\/fontawesome-all.min.css' type='text\/css' rel='stylesheet' >\n\t\t<link id='font-awesome-4-shim-css' href='https:\/\/skinpit.com\/wp-content\/plugins\/unlimited-elements-for-elementor\/assets_libraries\/font-awesome6\/fontawesome-v4-shims.min.css' type='text\/css' rel='stylesheet' >\n\n<style>\/* widget: Post Blocks *\/\n\n\n\n#uc_post_blocks_elementor_fb4582b {\n    display:grid;\n}\n#uc_post_blocks_elementor_fb4582b .ue_post_blocks_box\n{\n  overflow:hidden;\n}\n\n#uc_post_blocks_elementor_fb4582b .ue_post_blocks_image\n{\n  overflow:hidden;\n}\n#uc_post_blocks_elementor_fb4582b .ue_post_blocks_image img\n{\n  object-fit: cover;\n  object-position:center center;\n  width:100%;\n  display:block;\n}\n#uc_post_blocks_elementor_fb4582b .ue_post_blocks_link a\n{\n  display:inline-block;\n  text-decoration:none;\n  text-align:center;\n}\n\n #uc_post_blocks_elementor_fb4582b .ue_post_blocks_box img\n{\n  transition:0.5s;\n}\n #uc_post_blocks_elementor_fb4582b .ue_post_blocks_box:hover img\n{\n  transform:scale(1.1,1.1);\n}\n\n\n\n\n#uc_post_blocks_elementor_fb4582b .ue-grid-item-meta-data\n{\n  display:inlin-flex;\n  flex-wrap: wrap;\n}\n\n.ue-grid-item-meta-data\n{\n  font-size:12px;\n}\n\n#uc_post_blocks_elementor_fb4582b .ue-grid-item-meta-data-icon\n{\n  line-height:1em;\n}\n\n#uc_post_blocks_elementor_fb4582b .ue-grid-item-meta-data-icon svg\n{\n  width:1em;\n  height:1em;\n}\n\n#uc_post_blocks_elementor_fb4582b .ue_post_blocks_box{\n  display: flex;\n  flex-direction: column;\n}\n#uc_post_blocks_elementor_fb4582b .ue_post_blocks_content{\n display: flex; flex-grow: 1;\n flex-direction: column;\n}\n#uc_post_blocks_elementor_fb4582b .ue_post_blocks_link{ margin-top: auto;\n}\n\n.ue-grid-item-category a\n{\n  display:inline-block;\n  font-size:10px;\n  text-transform:uppercase;\n}\n\n<\/style>\n\n<div id=\"uc_post_blocks_elementor_fb4582b\" class=\"ue_post_blocks uc-items-wrapper uc-filterable-grid\"  data-ajax='true'  data-filterbehave='ajax'  querydata='{&quot;count_posts&quot;:9,&quot;total_posts&quot;:38,&quot;page&quot;:1,&quot;num_pages&quot;:5}'>\n    <div class=\"ue_post_blocks_box\">\n    <div class=\"ue_post_blocks_image\">\n    <a href=\"https:\/\/skinpit.com\/de\/csgoluck-promo-code-rueckblick-im-jahr-2026\" style=\"display:block;\"><img loading=\"lazy\" decoding=\"async\" src=\"https:\/\/skinpit.com\/wp-content\/uploads\/2024\/02\/csgoluck-review-featured-768x378.jpg\"  src=\"https:\/\/skinpit.com\/wp-content\/uploads\/2024\/02\/csgoluck-review-featured-768x378.jpg\" alt=\"CSGO Luck Review Featured Image\" width=\"768\" height=\"378\"><\/a>\n  <\/div>\n    <div class=\"ue_post_blocks_content\">\n      \n     <div class=\"ue-grid-item-category\"><a href=\"https:\/\/skinpit.com\/de\/category\/cs2-sites-bewertungen\">CS2-Sites-Bewertungen<\/a><\/div>\n         \n    <div class=\"ue_post_blocks_title\"><a href=\"https:\/\/skinpit.com\/de\/csgoluck-promo-code-rueckblick-im-jahr-2026\">CSGOLuck Promo Code &amp; R\u00fcckblick im Jahr 2026<\/a><\/div>    \n        \n    \n    <div class=\"ue_post_blocks_text\">Um einen Promo-Code bei CSGOLuck zu beantragen und Ihren 100%igen Einzahlungsbonus und 3 Freikisten zu erhalten, folgen Sie diesen einfachen Schritten:\n\n\nBesuchen Sie die CSGOLuck-Website.\n\n\nKlicken Sie...<\/div>    <div class=\"ue_post_blocks_link\"><a href=\"https:\/\/skinpit.com\/de\/csgoluck-promo-code-rueckblick-im-jahr-2026\" class=\"\">Mehr lesen...<\/a><\/div>  <\/div>\n<\/div>\n<div class=\"ue_post_blocks_box\">\n    <div class=\"ue_post_blocks_image\">\n    <a href=\"https:\/\/skinpit.com\/de\/csgofast-promo-code-ueberpruefung-im-jahr-2024\" style=\"display:block;\"><img loading=\"lazy\" decoding=\"async\" src=\"https:\/\/skinpit.com\/wp-content\/uploads\/2024\/03\/csgofast-featured-iamge-768x412.jpg\"  src=\"https:\/\/skinpit.com\/wp-content\/uploads\/2024\/03\/csgofast-featured-iamge-768x412.jpg\" alt=\"CSGOFast Featured Image\" width=\"768\" height=\"412\"><\/a>\n  <\/div>\n    <div class=\"ue_post_blocks_content\">\n      \n     <div class=\"ue-grid-item-category\"><a href=\"https:\/\/skinpit.com\/de\/category\/cs2-sites-bewertungen\">CS2-Sites-Bewertungen<\/a><\/div>\n         \n    <div class=\"ue_post_blocks_title\"><a href=\"https:\/\/skinpit.com\/de\/csgofast-promo-code-ueberpruefung-im-jahr-2024\">CSGOFast Promo Code &amp; Review in 2026<\/a><\/div>    \n        \n    \n    <div class=\"ue_post_blocks_text\">Mit rund 150.000 monatlichen Besuchern ist die CS2-Gl\u00fccksspielseite CSGOFast eine der beliebtesten Plattformen, auf der Sie Ihre Spielgegenst\u00e4nde und Ihr Geld einsetzen k\u00f6nnen, um Ihr Gl\u00fcck bei verschiedenen...<\/div>    <div class=\"ue_post_blocks_link\"><a href=\"https:\/\/skinpit.com\/de\/csgofast-promo-code-ueberpruefung-im-jahr-2024\" class=\"\">Mehr lesen...<\/a><\/div>  <\/div>\n<\/div>\n<div class=\"ue_post_blocks_box\">\n    <div class=\"ue_post_blocks_image\">\n    <a href=\"https:\/\/skinpit.com\/de\/hellcase-promo-code-ueberpruefung-im-jahr-2026\" style=\"display:block;\"><img loading=\"lazy\" decoding=\"async\" src=\"https:\/\/skinpit.com\/wp-content\/uploads\/2024\/03\/hellcase-featured-768x356.jpg\"  src=\"https:\/\/skinpit.com\/wp-content\/uploads\/2024\/03\/hellcase-featured-768x356.jpg\" alt=\"Hellcase Featured Image\" width=\"768\" height=\"356\"><\/a>\n  <\/div>\n    <div class=\"ue_post_blocks_content\">\n      \n     <div class=\"ue-grid-item-category\"><a href=\"https:\/\/skinpit.com\/de\/category\/cs2-sites-bewertungen\">CS2-Sites-Bewertungen<\/a><\/div>\n         \n    <div class=\"ue_post_blocks_title\"><a href=\"https:\/\/skinpit.com\/de\/hellcase-promo-code-ueberpruefung-im-jahr-2026\">Hellcase Promo Code &amp; \u00dcberpr\u00fcfung im Jahr 2026<\/a><\/div>    \n        \n    \n    <div class=\"ue_post_blocks_text\">Wenn es um Online-Gl\u00fccksspiele geht, insbesondere im Fall von CS:GO-Case-Opening-Sites, ist es entscheidend, die Legitimit\u00e4t einer Plattform zu pr\u00fcfen, bevor man sich darauf einl\u00e4sst. In dieser umfassenden...<\/div>    <div class=\"ue_post_blocks_link\"><a href=\"https:\/\/skinpit.com\/de\/hellcase-promo-code-ueberpruefung-im-jahr-2026\" class=\"\">Mehr lesen...<\/a><\/div>  <\/div>\n<\/div>\n<div class=\"ue_post_blocks_box\">\n    <div class=\"ue_post_blocks_image\">\n    <a href=\"https:\/\/skinpit.com\/de\/gamdom-review-2026-ist-dieses-crypto-casino-legitim-sicher-und-ihre-zeit-wert\" style=\"display:block;\"><img loading=\"lazy\" decoding=\"async\" src=\"https:\/\/skinpit.com\/wp-content\/uploads\/2024\/03\/gamdom-featured-768x506.jpg\"  src=\"https:\/\/skinpit.com\/wp-content\/uploads\/2024\/03\/gamdom-featured-768x506.jpg\" alt=\"gamdom-featured\" width=\"768\" height=\"506\"><\/a>\n  <\/div>\n    <div class=\"ue_post_blocks_content\">\n      \n     <div class=\"ue-grid-item-category\"><a href=\"https:\/\/skinpit.com\/de\/category\/cs2-sites-bewertungen\">CS2-Sites-Bewertungen<\/a><\/div>\n         \n    <div class=\"ue_post_blocks_title\"><a href=\"https:\/\/skinpit.com\/de\/gamdom-review-2026-ist-dieses-crypto-casino-legitim-sicher-und-ihre-zeit-wert\">Gamdom Review 2026: Ist dieses Crypto Casino legitim, sicher und Ihre Zeit wert?<\/a><\/div>    \n        \n    \n    <div class=\"ue_post_blocks_text\">Gamdom, ein beliebtes Online-Krypto-Casino und Sportwetten, hat mit seiner einzigartigen Mischung aus nachweislich fairen Spielen, Social-Gaming-Funktionen, traditionellen Casino-Spielen und einem lohnenden...<\/div>    <div class=\"ue_post_blocks_link\"><a href=\"https:\/\/skinpit.com\/de\/gamdom-review-2026-ist-dieses-crypto-casino-legitim-sicher-und-ihre-zeit-wert\" class=\"\">Mehr lesen...<\/a><\/div>  <\/div>\n<\/div>\n<div class=\"ue_post_blocks_box\">\n    <div class=\"ue_post_blocks_image\">\n    <a href=\"https:\/\/skinpit.com\/de\/behebung-des-einfrierens-absturzes-von-counter-strike-2-beim-valve-logo\" style=\"display:block;\"><img loading=\"lazy\" decoding=\"async\" src=\"https:\/\/skinpit.com\/wp-content\/uploads\/2024\/03\/crash-fix-featured-768x432.jpg\"  src=\"https:\/\/skinpit.com\/wp-content\/uploads\/2024\/03\/crash-fix-featured-768x432.jpg\" alt=\"CS2 freezes\/crashes at the Valve logo fix Featured\" width=\"768\" height=\"432\"><\/a>\n  <\/div>\n    <div class=\"ue_post_blocks_content\">\n      \n     <div class=\"ue-grid-item-category\"><a href=\"https:\/\/skinpit.com\/de\/category\/cs2-leitfaden\">CS2-Leitf\u00e4den<\/a><\/div>\n         \n    <div class=\"ue_post_blocks_title\"><a href=\"https:\/\/skinpit.com\/de\/behebung-des-einfrierens-absturzes-von-counter-strike-2-beim-valve-logo\">Behebung des Einfrierens\/Absturzes von Counter-Strike 2 beim Valve-Logo<\/a><\/div>    \n        \n    \n    <div class=\"ue_post_blocks_text\">Wenn Sie Probleme mit dem Einfrieren oder Abst\u00fcrzen von Counter-Strike 2 beim Valve-Logo haben, k\u00f6nnen Sie mit den folgenden Schritten versuchen, das Problem zu beheben.\n\nDie offensichtlicheren Korrekturen\n\n\n\u00dcberpr\u00fcfen...<\/div>    <div class=\"ue_post_blocks_link\"><a href=\"https:\/\/skinpit.com\/de\/behebung-des-einfrierens-absturzes-von-counter-strike-2-beim-valve-logo\" class=\"\">Mehr lesen...<\/a><\/div>  <\/div>\n<\/div>\n<div class=\"ue_post_blocks_box\">\n    <div class=\"ue_post_blocks_image\">\n    <a href=\"https:\/\/skinpit.com\/de\/hospital-flick-bedeutung\" style=\"display:block;\"><img decoding=\"async\" src=\"https:\/\/skinpit.com\/wp-content\/uploads\/ac_assets\/uc_article_grid_style_six\/\/no-image.png\" alt=\"\"><\/a>\n  <\/div>\n    <div class=\"ue_post_blocks_content\">\n      \n     <div class=\"ue-grid-item-category\"><a href=\"https:\/\/skinpit.com\/de\/category\/cs2-begriffe\">CS2 Begriffe<\/a><\/div>\n         \n    <div class=\"ue_post_blocks_title\"><a href=\"https:\/\/skinpit.com\/de\/hospital-flick-bedeutung\">Hospital Flick Bedeutung<\/a><\/div>    \n        \n    \n    <div class=\"ue_post_blocks_text\">Ein &#8222;Hospital Flick&#8220; im Kontext von Ego-Shooter-Spielen (FPS) bezieht sich auf eine schnelle, pr\u00e4zise Mausbewegung oder einen Mausklick, der zu einem beeindruckenden Treffer f\u00fchrt, oft einem...<\/div>    <div class=\"ue_post_blocks_link\"><a href=\"https:\/\/skinpit.com\/de\/hospital-flick-bedeutung\" class=\"\">Mehr lesen...<\/a><\/div>  <\/div>\n<\/div>\n<div class=\"ue_post_blocks_box\">\n    <div class=\"ue_post_blocks_image\">\n    <a href=\"https:\/\/skinpit.com\/de\/key-drop-promo-code-ueberpruefung-im-jahr-2026\" style=\"display:block;\"><img loading=\"lazy\" decoding=\"async\" src=\"https:\/\/skinpit.com\/wp-content\/uploads\/2024\/02\/keydrop-featured-1-768x385.jpg\"  src=\"https:\/\/skinpit.com\/wp-content\/uploads\/2024\/02\/keydrop-featured-1-768x385.jpg\" alt=\"keydrop-featured-1\" width=\"768\" height=\"385\"><\/a>\n  <\/div>\n    <div class=\"ue_post_blocks_content\">\n      \n     <div class=\"ue-grid-item-category\"><a href=\"https:\/\/skinpit.com\/de\/category\/cs2-sites-bewertungen\">CS2-Sites-Bewertungen<\/a><\/div>\n         \n    <div class=\"ue_post_blocks_title\"><a href=\"https:\/\/skinpit.com\/de\/key-drop-promo-code-ueberpruefung-im-jahr-2026\">Key-Drop Promo Code &amp; \u00dcberpr\u00fcfung im Jahr 2026<\/a><\/div>    \n        \n    \n    <div class=\"ue_post_blocks_text\">Was ist Key-Drop?\n\nKey-Drop.com ist eine bekannte Plattform f\u00fcr das \u00d6ffnen von Cases in CS2 und CS:GO und bietet die M\u00f6glichkeit, Cases zu \u00f6ffnen, bei denen die Wahrscheinlichkeit, hochwertige Skins zu...<\/div>    <div class=\"ue_post_blocks_link\"><a href=\"https:\/\/skinpit.com\/de\/key-drop-promo-code-ueberpruefung-im-jahr-2026\" class=\"\">Mehr lesen...<\/a><\/div>  <\/div>\n<\/div>\n<div class=\"ue_post_blocks_box\">\n    <div class=\"ue_post_blocks_image\">\n    <a href=\"https:\/\/skinpit.com\/de\/csgo500-promo-code-ueberpruefung-im-jahr-2026\" style=\"display:block;\"><img loading=\"lazy\" decoding=\"async\" src=\"https:\/\/skinpit.com\/wp-content\/uploads\/2024\/02\/csgo500-featured-768x383.jpg\"  src=\"https:\/\/skinpit.com\/wp-content\/uploads\/2024\/02\/csgo500-featured-768x383.jpg\" alt=\"csgo500-featured\" width=\"768\" height=\"383\"><\/a>\n  <\/div>\n    <div class=\"ue_post_blocks_content\">\n      \n     <div class=\"ue-grid-item-category\"><a href=\"https:\/\/skinpit.com\/de\/category\/cs2-sites-bewertungen\">CS2-Sites-Bewertungen<\/a><\/div>\n         \n    <div class=\"ue_post_blocks_title\"><a href=\"https:\/\/skinpit.com\/de\/csgo500-promo-code-ueberpruefung-im-jahr-2026\">CSGO500 Promo Code &amp; \u00dcberpr\u00fcfung im Jahr 2026<\/a><\/div>    \n        \n    \n    <div class=\"ue_post_blocks_text\">Was ist CSGO500?\n\nCSGO500, jetzt umbenannt in 500 Casino, begann als Plattform f\u00fcr CS:GO-Skin-Gl\u00fccksspiele, auf der Nutzer ihre In-Game-Skins bei verschiedenen Gl\u00fccksspielen einsetzen konnten. Seitdem...<\/div>    <div class=\"ue_post_blocks_link\"><a href=\"https:\/\/skinpit.com\/de\/csgo500-promo-code-ueberpruefung-im-jahr-2026\" class=\"\">Mehr lesen...<\/a><\/div>  <\/div>\n<\/div>\n<div class=\"ue_post_blocks_box\">\n    <div class=\"ue_post_blocks_image\">\n    <a href=\"https:\/\/skinpit.com\/de\/csgopolygon-promo-code-rueckblick-im-jahr-2026\" style=\"display:block;\"><img loading=\"lazy\" decoding=\"async\" src=\"https:\/\/skinpit.com\/wp-content\/uploads\/2024\/02\/csgopolygon-featured-768x347.jpg\"  src=\"https:\/\/skinpit.com\/wp-content\/uploads\/2024\/02\/csgopolygon-featured-768x347.jpg\" alt=\"csgopolygon-featured\" width=\"768\" height=\"347\"><\/a>\n  <\/div>\n    <div class=\"ue_post_blocks_content\">\n      \n     <div class=\"ue-grid-item-category\"><a href=\"https:\/\/skinpit.com\/de\/category\/cs2-sites-bewertungen\">CS2-Sites-Bewertungen<\/a><\/div>\n         \n    <div class=\"ue_post_blocks_title\"><a href=\"https:\/\/skinpit.com\/de\/csgopolygon-promo-code-rueckblick-im-jahr-2026\">CSGOPolygon Promo Code &amp; R\u00fcckblick im Jahr 2026<\/a><\/div>    \n        \n    \n    <div class=\"ue_post_blocks_text\">Willkommen zu unserer umfassenden \u00dcberpr\u00fcfung von CSGOPolygon, einer beliebten CS2 und CS:GO Wett- und Skin-Gl\u00fccksspielplattform. In diesem Artikel werden wir uns mit allen wesentlichen Aspekten von CSGOPolygon...<\/div>    <div class=\"ue_post_blocks_link\"><a href=\"https:\/\/skinpit.com\/de\/csgopolygon-promo-code-rueckblick-im-jahr-2026\" class=\"\">Mehr lesen...<\/a><\/div>  <\/div>\n<\/div>\n\n<\/div>\n<!-- end Post Blocks -->\t\t\t\t<\/div>\n\t\t\t\t<\/div>\n\t\t\t\t\t<\/div>\n\t\t\t\t<\/div>\n\t\t<div class=\"elementor-element elementor-element-f5abf8f e-flex e-con-boxed e-con e-parent\" data-id=\"f5abf8f\" data-element_type=\"container\" data-e-type=\"container\">\n\t\t\t\t\t<div class=\"e-con-inner\">\n\t\t\t\t<div class=\"elementor-element elementor-element-a4b88c3 elementor-widget elementor-widget-ucaddon_archive_pagination\" data-id=\"a4b88c3\" data-element_type=\"widget\" data-e-type=\"widget\" data-widget_type=\"ucaddon_archive_pagination.default\">\n\t\t\t\t<div class=\"elementor-widget-container\">\n\t\t\t\t\t\n<!-- start Post Pagination -->\n\n<style>\/* widget: Post Pagination *\/\n\n#uc_archive_pagination_elementor_a4b88c3 nav\n{\n  padding:0px;\n  margin:0px;\n}\n\n#uc_archive_pagination_elementor_a4b88c3 \n{\n  display:flex;\n  flex-wrap: wrap;\n  justify-content:center;\n}\n\n#uc_archive_pagination_elementor_a4b88c3 .nav-links\n{\n  display:flex;\n  justify-content:center;\n}\n\n#uc_archive_pagination_elementor_a4b88c3 .nav-links > *\n{\n}\n\n#uc_archive_pagination_elementor_a4b88c3 .page-numbers\n{\n  display:flex;\n  \n  align-items:center;\n  justify-content:center;\n  transition:0.3s;\n  line-height:1em;\n}\n\n\n#uc_archive_pagination_elementor_a4b88c3 a.page-numbers, #uc_archive_pagination_elementor_a4b88c3 .dots\n{\n  color:#000000;\n  background-color:;\n}\n\n#uc_archive_pagination_elementor_a4b88c3 a.page-numbers:hover\n{\n  color:#6e6e6e;\n  background-color:#eeeeee;\n}\n\n#uc_archive_pagination_elementor_a4b88c3 .page-numbers.current,\n#uc_archive_pagination_elementor_a4b88c3 .page-numbers.current:hover\n{\n  background-color:#000000;\n  color:#ffffff;\n}\n\n\n#uc_archive_pagination_elementor_a4b88c3 .page-numbers.prev, #uc_archive_pagination_elementor_a4b88c3 .page-numbers.next\n{\n  padding-left:15px;\n  padding-right:15px;\n}\n\n\n\n#uc_archive_pagination_elementor_a4b88c3 .prev:before {\n   font-family: \"Font Awesome 5 Free\";\n   content: \"\\f053\";\n   display: inline-block;\n   vertical-align: middle;\n   font-weight: 900;\n   padding-right:10px;}\n\n#uc_archive_pagination_elementor_a4b88c3 .next:after {\n   font-family: \"Font Awesome 5 Free\";\n   content: \"\\f054\";\n   display: inline-block;\n   vertical-align: middle;\n   font-weight: 900;\n   padding-left:10px;}\n\n#uc_archive_pagination_elementor_a4b88c3.uc-ajax-loading{\n\topacity:1 !important;\n}\n\n#uc_archive_pagination_elementor_a4b88c3.uc-ajax-loading .current{\n\tposition:relative;\n    overflow:hidden;\n}\n\n\n#uc_archive_pagination_elementor_a4b88c3.uc-ajax-loading .current:before{\n  content: \"\";\n  display:block;\n  width:100%;\n  height:100%;\n  box-sizing:border-box;\n  position:absolute;\n  top:0px;\n  left:0px;\n  background-color: #c2c2c2;\n  animation: uc-spinning-border 0.5s linear infinite;\n  opacity:50%;\n  border-radius:inherit;\n}\n\n@keyframes uc-spinning-border {\n\t0%{transform: scale(0);}\n\t100%{transform: scale(1); }\t\n}\n\n\n\n<\/style>\n\n<div id=\"uc_archive_pagination_elementor_a4b88c3\" class=\"archive_pagination uc-filter-pagination\">\n<span aria-current=\"page\" class=\"page-numbers current\">1<\/span>\n<a class=\"page-numbers\" href=\"https:\/\/skinpit.com\/de\/blog\/2\" data-e-disable-page-transition=\"true\">2<\/a>\n<a class=\"page-numbers\" href=\"https:\/\/skinpit.com\/de\/blog\/3\" data-e-disable-page-transition=\"true\">3<\/a>\n<a class=\"page-numbers\" href=\"https:\/\/skinpit.com\/de\/blog\/4\" data-e-disable-page-transition=\"true\">4<\/a>\n<a class=\"page-numbers\" href=\"https:\/\/skinpit.com\/de\/blog\/5\" data-e-disable-page-transition=\"true\">5<\/a>\n<\/div>\n<!-- end Post Pagination -->\t\t\t\t<\/div>\n\t\t\t\t<\/div>\n\t\t\t\t\t<\/div>\n\t\t\t\t<\/div>\n\t\t\t\t<\/div>\n\t\t","protected":false},"excerpt":{"rendered":"<p>Neueste Beitr\u00e4ge CS2 Sites Reviews SkinSwap Review: Is SkinSwap Legit and Safe in 2023? If you\u2019re a player, trader or collector in games like CS2 (Counter-Strike 2) or Rust, you may have come across SkinSwap, a platform that allows you to trade or cash out your in-game skins. In this comprehensive&#8230; Mehr lesen&#8230; CS2 Guides [&hellip;]<\/p>\n","protected":false},"author":1,"featured_media":0,"parent":0,"menu_order":0,"comment_status":"closed","ping_status":"closed","template":"","meta":{"footnotes":""},"class_list":["post-2234","page","type-page","status-publish","hentry"],"blocksy_meta":{"vertical_spacing_source":"custom","content_area_spacing":"none","has_hero_section":"disabled"},"_links":{"self":[{"href":"https:\/\/skinpit.com\/de\/wp-json\/wp\/v2\/pages\/2234","targetHints":{"allow":["GET"]}}],"collection":[{"href":"https:\/\/skinpit.com\/de\/wp-json\/wp\/v2\/pages"}],"about":[{"href":"https:\/\/skinpit.com\/de\/wp-json\/wp\/v2\/types\/page"}],"author":[{"embeddable":true,"href":"https:\/\/skinpit.com\/de\/wp-json\/wp\/v2\/users\/1"}],"replies":[{"embeddable":true,"href":"https:\/\/skinpit.com\/de\/wp-json\/wp\/v2\/comments?post=2234"}],"version-history":[{"count":0,"href":"https:\/\/skinpit.com\/de\/wp-json\/wp\/v2\/pages\/2234\/revisions"}],"wp:attachment":[{"href":"https:\/\/skinpit.com\/de\/wp-json\/wp\/v2\/media?parent=2234"}],"curies":[{"name":"wp","href":"https:\/\/api.w.org\/{rel}","templated":true}]}}