{"id":2215,"date":"2023-09-26T10:01:15","date_gmt":"2023-09-26T10:01:15","guid":{"rendered":"https:\/\/skinpit.com\/ueber-uns"},"modified":"2023-12-08T12:52:58","modified_gmt":"2023-12-08T12:52:58","slug":"ueber-uns","status":"publish","type":"page","link":"https:\/\/skinpit.com\/de\/ueber-uns","title":{"rendered":"\u00dcber uns"},"content":{"rendered":"\t\t<div data-elementor-type=\"wp-page\" data-elementor-id=\"2215\" class=\"elementor elementor-2215 elementor-1747\">\n\t\t\t\t<div class=\"elementor-element elementor-element-3bc1ff3 e-flex e-con-boxed e-con e-parent\" data-id=\"3bc1ff3\" data-element_type=\"container\" data-e-type=\"container\" data-settings=\"{&quot;background_background&quot;:&quot;classic&quot;}\">\n\t\t\t\t\t<div class=\"e-con-inner\">\n\t\t<div class=\"elementor-element elementor-element-33e2ebc e-con-full e-flex e-con e-child\" data-id=\"33e2ebc\" data-element_type=\"container\" data-e-type=\"container\" data-settings=\"{&quot;background_background&quot;:&quot;classic&quot;}\">\n\t\t\t\t<div class=\"elementor-element elementor-element-43befc9 elementor-widget elementor-widget-heading\" data-id=\"43befc9\" data-element_type=\"widget\" data-e-type=\"widget\" data-widget_type=\"heading.default\">\n\t\t\t\t<div class=\"elementor-widget-container\">\n\t\t\t\t\t<h1 class=\"elementor-heading-title elementor-size-default\">\u00dcber uns<\/h1>\t\t\t\t<\/div>\n\t\t\t\t<\/div>\n\t\t\t\t<\/div>\n\t\t\t\t\t<\/div>\n\t\t\t\t<\/div>\n\t\t<div class=\"elementor-element elementor-element-210926a e-flex e-con-boxed e-con e-parent\" data-id=\"210926a\" data-element_type=\"container\" data-e-type=\"container\">\n\t\t\t\t\t<div class=\"e-con-inner\">\n\t\t\t\t<div class=\"elementor-element elementor-element-a0b9738 elementor-widget elementor-widget-text-editor\" data-id=\"a0b9738\" data-element_type=\"widget\" data-e-type=\"widget\" data-widget_type=\"text-editor.default\">\n\t\t\t\t<div class=\"elementor-widget-container\">\n\t\t\t\t\t\t\t\t\t<h3>Wer wir sind<\/h3>\n<p>Wir von SkinPit sind Ihr zuverl\u00e4ssiger Begleiter in der Welt des CS2-Gl\u00fccksspiels und -Handels. Unser engagiertes Expertenteam ist bestrebt, Ihr CS2-Spiel- und Handelserlebnis zu verbessern. Wir sind hier, um Sie durch die Feinheiten der CS2-Websites von Drittanbietern zu f\u00fchren und sicherzustellen, dass Sie eine fundierte Wahl auf Plattformen treffen, bei denen Ihre Sicherheit und Zufriedenheit an erster Stelle stehen.<\/p>\n<h3>Was wir anbieten<\/h3>\n<p>Entdecken Sie, wie SkinPit Ihr CS2-Spielerlebnis verbessern kann:<\/p>\n<ul>\n<li>\n<p><strong>Strenge Pr\u00fcfungen<\/strong>: Unser Team bewertet die CS2-Gl\u00fccksspiel-Websites sorgf\u00e4ltig, um sicherzustellen, dass sie unsere strengen Kriterien erf\u00fcllen. Wir unterst\u00fctzen nur Plattformen, die eine sichere und bequeme Gl\u00fccksspielumgebung bieten. Unsere Bewertungen sind unvoreingenommen und umfassend.<\/p>\n<\/li>\n<li>\n<p>Das <strong>CS2-Gl\u00fccksspiel verstehen<\/strong>: SkinPit m\u00f6chte sowohl Neulingen als auch erfahrenen Spielern das CS2-Gl\u00fccksspiel n\u00e4her bringen. Wir bieten Einblicke in die Funktionsweise von CS2-Gl\u00fccksspielplattformen, sowohl f\u00fcr Echtgeldwetten als auch f\u00fcr Skin CS2-Wetten.<\/p>\n<\/li>\n<li>\n<p><strong>Spielvielfalt entdecken<\/strong>: Wissen ist Macht, und wir versorgen Sie mit Informationen \u00fcber die verschiedenen Spiele, die auf CS2-Gl\u00fccksspiel-Websites verf\u00fcgbar sind. Egal, ob Sie sich f\u00fcr Roulette, Blackjack oder Coinflip interessieren, wir bieten Ihnen detaillierte Einblicke in jedes Spiel.<\/p>\n<\/li>\n<\/ul>\n<h3>Warum SkinPit w\u00e4hlen<\/h3>\n<p>Wenn Sie sich f\u00fcr SkinPit entscheiden, erhalten Sie Zugang zu mehreren Vorteilen:<\/p>\n<ul>\n<li>\n<p><strong>Sichere Empfehlungen<\/strong>: Wir stellen Listen mit den besten und sichersten Gl\u00fccksspiel- und Handelsseiten zusammen, die unsere strengen Kriterien erf\u00fcllen. Einige unserer Empfehlungen sind CSGOEmpire, CSGORoll, SkinSwap, TradeIT und viele mehr. Diese Plattformen bieten eine sichere und bequeme Benutzererfahrung.<\/p>\n<\/li>\n<li>\n<p><strong>Vermeiden von minderwertigen Websites<\/strong>: SkinPit hilft Ihnen dabei, Websites zu identifizieren, die unseren Kriterien nicht entsprechen. So k\u00f6nnen Sie fundierte Entscheidungen treffen und m\u00f6gliche Fallstricke vermeiden.<\/p>\n<\/li>\n<li>\n<p><strong>Kostenlose Skins und Boni<\/strong>: Bleiben Sie auf dem Laufenden \u00fcber Websites, auf denen Sie kostenlose CS2-Skins und Boni erhalten k\u00f6nnen, die Ihr CS2-Erlebnis noch weiter aufwerten.<\/p>\n<\/li>\n<li>\n<p><strong>Lizensierte Plattformen<\/strong>: Auch wenn viele CS2-Gl\u00fccksspielseiten nicht lizenziert sind, f\u00fchrt SkinPit Sie zu Plattformen, die Sicherheit und Zuverl\u00e4ssigkeit in den Vordergrund stellen.<\/p>\n<\/li>\n<\/ul>\n<h3>Unser Auftrag<\/h3>\n<p>Die Mission von SkinPit ist klar: Ihnen dabei zu helfen, die beste CS2-Gl\u00fccksspiel-Website im Meer der unsicheren und fragw\u00fcrdigen Plattformen zu finden. Wir \u00fcberpr\u00fcfen st\u00e4ndig bestehende und neue CS2-Websites und bewerten sie anhand strenger Kriterien, um Ihre Sicherheit und Zufriedenheit zu gew\u00e4hrleisten.<\/p>\n<div>\n<div>\n<div class=\"Markdown markdown-body\">\n<h3>Schlussfolgerung<\/h3>\n<p>Im Bereich der CS2-Gl\u00fccksspiele sind Vertrauen und Transparenz von gr\u00f6\u00dfter Bedeutung. SkinPit ist Ihr verl\u00e4sslicher Partner, der sich daf\u00fcr einsetzt, Ihr CS2-Spielerlebnis zu verbessern. Wir statten Sie mit dem Wissen und den Empfehlungen aus, die Sie ben\u00f6tigen, um fundierte Entscheidungen zu treffen und ein sicheres und zufriedenstellendes Gl\u00fccksspiel zu genie\u00dfen.<\/p>\n<p>Entscheiden Sie sich noch heute f\u00fcr SkinPit, um ein sichereres und angenehmeres CS2-Gl\u00fccksspiel zu erleben. Ihre Zufriedenheit und Sicherheit sind unsere oberste Priorit\u00e4t.<\/p>\n<p><em>F\u00fcr Anfragen, <a href=\"https:\/\/skinpit.com\/de\/kontakt\">kontaktieren Sie uns<\/a> bitte <a href=\"https:\/\/skinpit.com\/de\/kontakt\">hier<\/a>.<\/em><\/p>\n<\/div>\n<\/div>\n<\/div>\n\t\t\t\t\t\t\t\t<\/div>\n\t\t\t\t<\/div>\n\t\t\t\t\t<\/div>\n\t\t\t\t<\/div>\n\t\t\t\t<\/div>\n\t\t","protected":false},"excerpt":{"rendered":"<p>\u00dcber uns Wer wir sind Wir von SkinPit sind Ihr zuverl\u00e4ssiger Begleiter in der Welt des CS2-Gl\u00fccksspiels und -Handels. Unser engagiertes Expertenteam ist bestrebt, Ihr CS2-Spiel- und Handelserlebnis zu verbessern. Wir sind hier, um Sie durch die Feinheiten der CS2-Websites von Drittanbietern zu f\u00fchren und sicherzustellen, dass Sie eine fundierte Wahl auf Plattformen treffen, bei [&hellip;]<\/p>\n","protected":false},"author":1,"featured_media":0,"parent":0,"menu_order":0,"comment_status":"closed","ping_status":"closed","template":"","meta":{"footnotes":""},"class_list":["post-2215","page","type-page","status-publish","hentry"],"blocksy_meta":{"has_hero_section":"disabled","vertical_spacing_source":"custom","content_area_spacing":"none"},"_links":{"self":[{"href":"https:\/\/skinpit.com\/de\/wp-json\/wp\/v2\/pages\/2215","targetHints":{"allow":["GET"]}}],"collection":[{"href":"https:\/\/skinpit.com\/de\/wp-json\/wp\/v2\/pages"}],"about":[{"href":"https:\/\/skinpit.com\/de\/wp-json\/wp\/v2\/types\/page"}],"author":[{"embeddable":true,"href":"https:\/\/skinpit.com\/de\/wp-json\/wp\/v2\/users\/1"}],"replies":[{"embeddable":true,"href":"https:\/\/skinpit.com\/de\/wp-json\/wp\/v2\/comments?post=2215"}],"version-history":[{"count":0,"href":"https:\/\/skinpit.com\/de\/wp-json\/wp\/v2\/pages\/2215\/revisions"}],"wp:attachment":[{"href":"https:\/\/skinpit.com\/de\/wp-json\/wp\/v2\/media?parent=2215"}],"curies":[{"name":"wp","href":"https:\/\/api.w.org\/{rel}","templated":true}]}}